{"id":240,"date":"2026-04-07T11:41:28","date_gmt":"2026-04-07T11:41:28","guid":{"rendered":"https:\/\/talkingaboutit.io\/?page_id=240"},"modified":"2026-04-07T14:09:08","modified_gmt":"2026-04-07T14:09:08","slug":"hem","status":"publish","type":"page","link":"https:\/\/talkingaboutit.io\/sv\/","title":{"rendered":"Hem"},"content":{"rendered":"","protected":false},"excerpt":{"rendered":"","protected":false},"author":1,"featured_media":0,"parent":0,"menu_order":0,"comment_status":"closed","ping_status":"closed","template":"front-page.php","meta":{"footnotes":""},"class_list":["post-240","page","type-page","status-publish","hentry"],"acf":{"flexible_content":[{"acf_fc_layout":"customSection6","flexible_visibility":{"status":true,"mobile_visible":true,"desktop_visible":true},"image":10,"text_content":"<strong>Om oss<\/strong>\r\n<h3>AI-driven digital marknadsf\u00f6ring som ger verkliga resultat<\/h3>\r\nVi kombinerar spjutspets-AI och kraftfulla dataanalyser f\u00f6r att skapa digitala marknadsstrategier som inte bara ser bra ut \u2013 de fungerar ocks\u00e5."},{"acf_fc_layout":"customSection9","flexible_visibility":{"status":true,"mobile_visible":true,"desktop_visible":true},"image":53},{"acf_fc_layout":"customSection4","flexible_visibility":{"status":true,"mobile_visible":true,"desktop_visible":true},"services_heading":"V\u00e5ra tj\u00e4nster"},{"acf_fc_layout":"customSection1","flexible_visibility":{"status":true,"mobile_visible":true,"desktop_visible":true},"image":59,"text_content":"<strong>S\u00e4ndning<\/strong>\r\n<h2>H\u00e5ll dig uppdaterad. H\u00e5ll dig f\u00f6re.<\/h2>\r\nP\u00e5 TalkingAboutIt tror vi att stora samarbeten byggs p\u00e5 transparens och delad kunskap. D\u00e4rf\u00f6r har vi skapat v\u00e5r s\u00e4ndning \u2013 ditt f\u00f6nster in i hur vi arbetar och hur den digitala v\u00e4rlden f\u00f6r\u00e4ndras i realtid.\r\nFr\u00e5n bakom kulisserna-blickar p\u00e5 v\u00e5ra kampanjer till skarpa analyser av nya trender och teknik, h\u00e5ller vi dig informerad med snabba, \u00e4rliga uppdateringar. Oavsett om du \u00e4r kund, samarbetspartner eller nyfiken iakttagare, kommer du alltid att veta vad som h\u00e4nder och vad som kommer h\u00e4rn\u00e4st."},{"acf_fc_layout":"customSection6","flexible_visibility":{"status":true,"mobile_visible":true,"desktop_visible":true},"image":70,"text_content":"<strong>Labs<\/strong>\r\n<h2>er R&amp;D-kraftverk.<\/h2>\r\nTALKINGABOUTIT Labs \u00e4r ditt interna R&amp;D-kraftverk och externa innovationsmarknadsf\u00f6ringsmotor \u2013 utformat f\u00f6r att g\u00f6ra din organisation 10 g\u00e5nger mer avancerad, trov\u00e4rdig och framtidss\u00e4krad. Oavsett om du \u00e4r en myndighet, ett stort f\u00f6retag eller en digitalt f\u00f6rst institution, hj\u00e4lper Labs dig att leda AI-samtalet, inte bara f\u00f6lja det."},{"acf_fc_layout":"customSection9","flexible_visibility":{"status":true,"mobile_visible":true,"desktop_visible":true},"image":121},{"acf_fc_layout":"customSection5","flexible_visibility":{"status":true,"mobile_visible":true,"desktop_visible":true},"blocks_heading":"V\u00e5r metod","blocks":[{"text_content":"<h2>\ud83d\udca1<\/h2>\r\n<strong>F\u00f6rst\u00e5<\/strong>\r\nVi avt\u00e4cker marknadsrealiteter och publikbeteenden f\u00f6r att informera strategisk riktning.\r\n<ul>\r\n \t<li>Branschj\u00e4mf\u00f6relser<\/li>\r\n \t<li>Strategi f\u00f6r konkurrentforskning<\/li>\r\n \t<li>Trender p\u00e5 vertikala marknader<\/li>\r\n \t<li>Analys och research<\/li>\r\n \t<li>S\u00f6kvolymer \/ publikvolymer<\/li>\r\n \t<li>Kundinsikter<\/li>\r\n \t<li>K\u00e4rnlagl\u00f6sning<\/li>\r\n<\/ul>"},{"text_content":"<h2>\ud83c\udfa8<\/h2>\r\n<strong>Design\r\n<\/strong>Vi skapar en skr\u00e4ddarsydd v\u00e4gkarta f\u00f6r att koppla strategi, kreativitet och teknik.\r\n<ul>\r\n \t<li>Komplett l\u00f6sning<\/li>\r\n \t<li>Digital mediestrategi<\/li>\r\n \t<li>Martech &amp; CRM<\/li>\r\n \t<li>Inneh\u00e5llsstrategi<\/li>\r\n \t<li>Kundupplevelse<\/li>\r\n \t<li>AI-l\u00f6sningar<\/li>\r\n \t<li>Process<\/li>\r\n \t<li>Teknik<\/li>\r\n \t<li>Organisation<\/li>\r\n<\/ul>"},{"text_content":"<h2>\ud83d\udd28<\/h2>\r\n<strong>Bygg\r\n<\/strong>Vi genomf\u00f6r strategin genom strukturerad samverkan och intelligent uppst\u00e4llning.\r\n<ul>\r\n \t<li>Samverkande kommunikationsstrategi<\/li>\r\n \t<li>Digital uppst\u00e4llning<\/li>\r\n \t<li>Optimeringsuppst\u00e4llning<\/li>\r\n \t<li>\u00d6ppen redovisning<\/li>\r\n<\/ul>"},{"text_content":"<h2>\ud83d\ude80<\/h2>\r\n<strong>K\u00f6r\r\n<\/strong>Vi uppr\u00e4tth\u00e5ller momentum genom kontinuerlig f\u00f6rfining och gemensamt \u00e4gande\r\n<ul>\r\n \t<li>Analysera kontinuerligt resultat<\/li>\r\n \t<li>Optimera kontinuerligt l\u00f6sningen<\/li>\r\n \t<li>Driv strategier &amp; kampanjer<\/li>\r\n \t<li>Strategisera tillsammans<\/li>\r\n<\/ul>"}]},{"acf_fc_layout":"customSection11","flexible_visibility":{"status":true,"mobile_visible":true,"desktop_visible":true},"card_1_preheading":"Kontakta oss","card_2_preheading":"Karri\u00e4r","card_1_image":113,"card_1_heading":"L\u00e5t oss prata om det.","card_1_link":{"title":"L\u00e4r dig mer","url":"https:\/\/talkingaboutit.io\/sv\/kontakta-oss\/","target":""},"card_2_image":121,"card_2_heading":"G\u00e5 med oss?","card_2_link":{"title":"L\u00e4s mer","url":"https:\/\/talkingaboutit.io\/sv\/karriar\/","target":""}}],"service_icon":""},"_links":{"self":[{"href":"https:\/\/talkingaboutit.io\/wp-json\/wp\/v2\/pages\/240","targetHints":{"allow":["GET"]}}],"collection":[{"href":"https:\/\/talkingaboutit.io\/wp-json\/wp\/v2\/pages"}],"about":[{"href":"https:\/\/talkingaboutit.io\/wp-json\/wp\/v2\/types\/page"}],"author":[{"embeddable":true,"href":"https:\/\/talkingaboutit.io\/wp-json\/wp\/v2\/users\/1"}],"replies":[{"embeddable":true,"href":"https:\/\/talkingaboutit.io\/wp-json\/wp\/v2\/comments?post=240"}],"version-history":[{"count":3,"href":"https:\/\/talkingaboutit.io\/wp-json\/wp\/v2\/pages\/240\/revisions"}],"predecessor-version":[{"id":268,"href":"https:\/\/talkingaboutit.io\/wp-json\/wp\/v2\/pages\/240\/revisions\/268"}],"wp:attachment":[{"href":"https:\/\/talkingaboutit.io\/wp-json\/wp\/v2\/media?parent=240"}],"curies":[{"name":"wp","href":"https:\/\/api.w.org\/{rel}","templated":true}]}}