{"id":241,"date":"2026-04-07T12:07:26","date_gmt":"2026-04-07T12:07:26","guid":{"rendered":"https:\/\/talkingaboutit.io\/?page_id=241"},"modified":"2026-04-07T12:07:26","modified_gmt":"2026-04-07T12:07:26","slug":"karriar","status":"publish","type":"page","link":"https:\/\/talkingaboutit.io\/sv\/karriar\/","title":{"rendered":"Karri\u00e4r"},"content":{"rendered":"","protected":false},"excerpt":{"rendered":"","protected":false},"author":1,"featured_media":0,"parent":0,"menu_order":60,"comment_status":"closed","ping_status":"closed","template":"templates\/_custom-layout-8.php","meta":{"footnotes":""},"class_list":["post-241","page","type-page","status-publish","hentry"],"acf":{"module_43830217d8044":{"page_subheading":"Karri\u00e4r","page_heading":"Hj\u00e4lp till att bygga framtiden f\u00f6r AI-driven marknadsf\u00f6ring"},"flexible_content":[{"acf_fc_layout":"customSection1","flexible_visibility":{"status":true,"mobile_visible":true,"desktop_visible":true},"image":121,"text_content":"<strong>Arbeta h\u00e4r<\/strong>\n\nP\u00e5 TalkingAbout It bygger vi inte bara b\u00e4ttre marknadsf\u00f6ring \u2013 vi bygger en smartare framtid. Som ett globalt konsultf\u00f6retag inom AI-marknadsf\u00f6ring och automatisering s\u00f6ker vi modiga t\u00e4nkare, kreativa teknologer och data-drivna innovat\u00f6rer f\u00f6r att ansluta sig till v\u00e5r mission i Europa, Mellan\u00f6stern och USA.\n\nVi arbetar med n\u00e5gra av v\u00e4rldens mest inflytelserika organisationer, fr\u00e5n regeringsmyndigheter till Fortune 500-f\u00f6retag, och levererar marknadsf\u00f6ringsl\u00f6sningar som drivs av AI, automatisering och realtidsdata. Om du trivs i sk\u00e4rningspunkten mellan kreativitet och teknik vill vi prata med dig."},{"acf_fc_layout":"customSection13","flexible_visibility":{"status":true,"mobile_visible":true,"desktop_visible":true},"accordion_heading":"Lediga tj\u00e4nster","accordion_items":[{"label":"Kreativa AI-strateger","text_content":"<strong>USA \/ MELLAN\u00d6STERN \/ EUROPA<\/strong>\n\nVi s\u00f6ker ett team av kreativa AI-strateger f\u00f6r att hj\u00e4lpa till att \u00f6verbrygga gapet mellan m\u00e4nsklig insikt och maskinell intelligens. Du kommer att leda arbetet med att utveckla och genomf\u00f6ra kampanjer d\u00e4r AI inte bara \u00e4r ett verktyg, utan en kreativ partner. Fr\u00e5n genererat inneh\u00e5ll och r\u00f6stassistenter till anpassad varum\u00e4rkesber\u00e4ttelse, kommer du att hj\u00e4lpa till att forma marknadsf\u00f6ringens framtid f\u00f6r nya, befintliga och globala kunder.\n\nVad Du Kommer Att G\u00f6ra:\n<ul>\n \t<li>Konceptualisera och leda AI-drivna marknadsinitiativ inom en rad olika branscher<\/li>\n \t<li>Samarbeta med dataforskare, designers, teknologer och kunder f\u00f6r att f\u00f6rverkliga smart kreativitet<\/li>\n \t<li>H\u00e5lla koll p\u00e5 nya AI-trender och till\u00e4mpa dem p\u00e5 verkliga varum\u00e4rkesutmaningar<\/li>\n \t<li>\u00d6vers\u00e4tta komplexa tekniska m\u00f6jligheter till \u00f6vertygande strategier, ber\u00e4ttelser och varum\u00e4rkesupplevelser<\/li>\n<\/ul>\nVad Vi S\u00f6ker:\n<ul>\n \t<li>Stark kreativ bakgrund inom marknadsf\u00f6ring, digitala medier eller varum\u00e4rkesutveckling<\/li>\n \t<li>Djup f\u00f6rst\u00e5else f\u00f6r generativa AI-trender, verktyg och till\u00e4mpningar<\/li>\n \t<li>Erfarenhet av dataanalys, automationsplattformar eller intelligenta inneh\u00e5llsfl\u00f6den<\/li>\n \t<li>Lust f\u00f6r experiment och en stark bias mot handling<\/li>\n<\/ul>\nOavsett om du befinner dig i London, Dubai, New York eller n\u00e5gonstans d\u00e4remellan, anslut till ett globalt team som omdefinierar rollen f\u00f6r AI i kreativitet. Detta \u00e4r inte bara ett jobb. Det \u00e4r en chans att leda en ny era av varum\u00e4rkesinnovation."}]},{"acf_fc_layout":"customSection2","flexible_visibility":{"status":true,"mobile_visible":true,"desktop_visible":true},"contact_sub-heading":"Applikationer","contact_heading":"Redo att forma vad som kommer h\u00e4rn\u00e4st? L\u00e5t oss prata om det."}],"service_icon":""},"_links":{"self":[{"href":"https:\/\/talkingaboutit.io\/wp-json\/wp\/v2\/pages\/241","targetHints":{"allow":["GET"]}}],"collection":[{"href":"https:\/\/talkingaboutit.io\/wp-json\/wp\/v2\/pages"}],"about":[{"href":"https:\/\/talkingaboutit.io\/wp-json\/wp\/v2\/types\/page"}],"author":[{"embeddable":true,"href":"https:\/\/talkingaboutit.io\/wp-json\/wp\/v2\/users\/1"}],"replies":[{"embeddable":true,"href":"https:\/\/talkingaboutit.io\/wp-json\/wp\/v2\/comments?post=241"}],"version-history":[{"count":1,"href":"https:\/\/talkingaboutit.io\/wp-json\/wp\/v2\/pages\/241\/revisions"}],"predecessor-version":[{"id":242,"href":"https:\/\/talkingaboutit.io\/wp-json\/wp\/v2\/pages\/241\/revisions\/242"}],"wp:attachment":[{"href":"https:\/\/talkingaboutit.io\/wp-json\/wp\/v2\/media?parent=241"}],"curies":[{"name":"wp","href":"https:\/\/api.w.org\/{rel}","templated":true}]}}