{"id":245,"date":"2026-04-07T12:07:26","date_gmt":"2026-04-07T12:07:26","guid":{"rendered":"https:\/\/talkingaboutit.io\/?page_id=245"},"modified":"2026-04-07T12:07:26","modified_gmt":"2026-04-07T12:07:26","slug":"om-oss","status":"publish","type":"page","link":"https:\/\/talkingaboutit.io\/sv\/om-oss\/","title":{"rendered":"Om oss"},"content":{"rendered":"","protected":false},"excerpt":{"rendered":"","protected":false},"author":1,"featured_media":0,"parent":0,"menu_order":40,"comment_status":"closed","ping_status":"closed","template":"templates\/_custom-layout-8.php","meta":{"footnotes":""},"class_list":["post-245","page","type-page","status-publish","hentry"],"acf":{"module_43830217d8044":{"page_subheading":"Om oss","page_heading":"H\u00e5ll dig uppdaterad.\u2028H\u00e5ll dig f\u00f6re."},"flexible_content":[{"acf_fc_layout":"customSection1","flexible_visibility":{"status":true,"mobile_visible":true,"desktop_visible":true},"image":10,"text_content":"<h2>P\u00e5 TalkingAboutIt f\u00f6ljer vi inte bara trender \u2013 vi formar dem.<\/h2>\r\nVi \u00e4r ett globalt konsultf\u00f6retag inom AI-marknadsf\u00f6ring och automation som hj\u00e4lper offentliga institutioner och stora f\u00f6retag att n\u00e5 en ny niv\u00e5 av prestation."},{"acf_fc_layout":"customSection1","flexible_visibility":{"status":true,"mobile_visible":true,"desktop_visible":true},"image":112,"text_content":"<strong>V\u00e5r mission<\/strong>\n\nDet \u00e4r enkelt att anv\u00e4nda kraften fr\u00e5n artificiell intelligens f\u00f6r att g\u00f6ra dina verksamheter smidigare, snabbare och smartare \u2013 s\u00e5 att du kan \u00f6ka int\u00e4kterna, minska kostnaderna och skala upp med tillf\u00f6rsikt.\n\nFr\u00e5n intelligenta r\u00f6stagentser som effektiviserar kundservicen, till arbetsfl\u00f6desautomatisering som eliminerar flaskhalsar, till prediktiv analys som m\u00f6jligg\u00f6r smartare beslut \u2013 vi integrerar AI direkt i din aff\u00e4rsstrategi. Resultatet? Fler leads, b\u00e4ttre omvandlingar och m\u00e4tbar p\u00e5verkan \u00f6ver hela din organisation."},{"acf_fc_layout":"customSection15","flexible_visibility":{"status":true,"mobile_visible":true,"desktop_visible":true},"image":113,"text_content":"<strong>Marknadsf\u00f6ring<\/strong>\n\nEftersom marknadsf\u00f6ring \u00e4r d\u00e4r momentum b\u00f6rjar, erbjuder vi en helhetsl\u00f6sning som kopplar ihop punkterna:\n<ul>\n \t<li>Betald media som presterar \u2013 kampanjer byggda f\u00f6r att omvandla, inte bara klicka<\/li>\n \t<li>Betald social marknadsf\u00f6ring som engagerar \u2013 plattformsspecifik inneh\u00e5ll som stoppar rullningen<\/li>\n \t<li>Leadgenerering som skalar \u2013 f\u00f6ruts\u00e4gbar tillv\u00e4xt, driven av data<\/li>\n \t<li>Affiliatemarknadsf\u00f6ring som utvidgar din r\u00e4ckvidd \u2013 koppla till n\u00e4tverk som s\u00e4ljer \u00e5t dig<\/li>\n \t<li>AI-l\u00f6sningar som accelererar \u2013 automatisering och intelligens som h\u00e5ller dig f\u00f6re<\/li>\n \t<li>Avancerad analys som guidar varje drag \u2013 insikter som driver smartare beslut<\/li>\n<\/ul>"},{"acf_fc_layout":"customSection8","flexible_visibility":{"status":true,"mobile_visible":true,"desktop_visible":true},"pretext":"","text_content":"<strong>V\u00e5rt team<\/strong>\r\n<h3>Vi \u00e4r strateger, ingenj\u00f6rer och kreativa medarbetare som kombinerar djup teknisk kunskap med ett skarpt \u00f6ga f\u00f6r aff\u00e4rstillv\u00e4xt. Vi har v\u00e5rt huvudkontor i Europa och USA, men v\u00e5r n\u00e4rvaro \u00e4r global \u2013 precis som v\u00e5r synvinkel.<\/h3>","button_primary":"","button_secondary":""},{"acf_fc_layout":"customSection9","flexible_visibility":{"status":true,"mobile_visible":true,"desktop_visible":true},"image":116},{"acf_fc_layout":"customSection2","flexible_visibility":{"status":true,"mobile_visible":true,"desktop_visible":true},"contact_sub-heading":"L\u00e5t oss prata om det","contact_heading":"Vi tror att AI inte bara \u00e4r ett verktyg \u2013 det \u00e4r en konkurrensf\u00f6rdel. Och vi \u00e4r h\u00e4r f\u00f6r att hj\u00e4lpa dig att anv\u00e4nda det."}],"service_icon":""},"_links":{"self":[{"href":"https:\/\/talkingaboutit.io\/wp-json\/wp\/v2\/pages\/245","targetHints":{"allow":["GET"]}}],"collection":[{"href":"https:\/\/talkingaboutit.io\/wp-json\/wp\/v2\/pages"}],"about":[{"href":"https:\/\/talkingaboutit.io\/wp-json\/wp\/v2\/types\/page"}],"author":[{"embeddable":true,"href":"https:\/\/talkingaboutit.io\/wp-json\/wp\/v2\/users\/1"}],"replies":[{"embeddable":true,"href":"https:\/\/talkingaboutit.io\/wp-json\/wp\/v2\/comments?post=245"}],"version-history":[{"count":1,"href":"https:\/\/talkingaboutit.io\/wp-json\/wp\/v2\/pages\/245\/revisions"}],"predecessor-version":[{"id":246,"href":"https:\/\/talkingaboutit.io\/wp-json\/wp\/v2\/pages\/245\/revisions\/246"}],"wp:attachment":[{"href":"https:\/\/talkingaboutit.io\/wp-json\/wp\/v2\/media?parent=245"}],"curies":[{"name":"wp","href":"https:\/\/api.w.org\/{rel}","templated":true}]}}