{"id":247,"date":"2026-04-07T12:07:26","date_gmt":"2026-04-07T12:07:26","guid":{"rendered":"https:\/\/talkingaboutit.io\/?page_id=247"},"modified":"2026-04-07T12:07:26","modified_gmt":"2026-04-07T12:07:26","slug":"labbar","status":"publish","type":"page","link":"https:\/\/talkingaboutit.io\/sv\/labbar\/","title":{"rendered":"Labbar"},"content":{"rendered":"","protected":false},"excerpt":{"rendered":"","protected":false},"author":1,"featured_media":0,"parent":0,"menu_order":30,"comment_status":"closed","ping_status":"closed","template":"templates\/_custom-layout-7.php","meta":{"footnotes":""},"class_list":["post-247","page","type-page","status-publish","hentry"],"acf":{"module_3e232b722bf74":{"hero_image":70,"page_subheading":"TALKINGABOUTIT\u2122 LABORATORIUM","page_heading":"Ett labb f\u00f6r din framg\u00e5ng"},"flexible_content":[{"acf_fc_layout":"customSection1","flexible_visibility":{"status":true,"mobile_visible":true,"desktop_visible":true},"image":72,"text_content":"<h2>Inre FoU-kraftverk och extern innovationsmarknadsf\u00f6ringsmotor LAB<\/h2>\nUtformad f\u00f6r att g\u00f6ra din organisation 10 g\u00e5nger mer avancerad, trov\u00e4rdig och framtidss\u00e4ker."},{"acf_fc_layout":"customSection1","flexible_visibility":{"status":true,"mobile_visible":true,"desktop_visible":true},"image":74,"text_content":"<strong>Oavsett om du \u00e4r en myndighet, ett stort f\u00f6retag eller en digital f\u00f6rstainstitution, hj\u00e4lper Labs dig att leda AI-samtalet, inte bara f\u00f6lja det.<\/strong>\n\nOavsett om du \u00e4r en myndighet, ett stort f\u00f6retag eller en digital f\u00f6rstainstitution, hj\u00e4lper Labs dig att leda AI-samtalet, inte bara f\u00f6lja det."},{"acf_fc_layout":"customSection3","flexible_visibility":{"status":true,"mobile_visible":true,"desktop_visible":true},"blocks_heading":"","blocks":[{"label":"","text_content":"<strong>V\u00e5r labbgrupp<\/strong>\r\n<ul>\r\n \t<li>Genomf\u00f6r praktiska experiment med ny teknik innan den n\u00e5r en bredare anv\u00e4ndning<\/li>\r\n \t<li>Bygger samarbetsrelationer med tekniska specialister inom olika branscher<\/li>\r\n \t<li>Utvecklar praktiska till\u00e4mpningar och implementeringsramverk f\u00f6r ny teknik<\/li>\r\n \t<li>Skapar bepr\u00f6vade metoder som effektiviserar digital transformation f\u00f6r v\u00e5ra kunder<\/li>\r\n<\/ul>"},{"label":"","text_content":"<strong>Hur det gynnar din organisation<\/strong>\n\nGenom att utnyttja TALKINGABOUTIT Labs expertis och resurser kan din organisation:\n<ul>\n \t<li>F\u00e5 tillg\u00e5ng till noggrant testade och validerade tekniska l\u00f6sningar i st\u00e4llet f\u00f6r experimentella implementationer<\/li>\n \t<li>Anta avancerade digitala funktioner snabbare \u00e4n konkurrenterna<\/li>\n \t<li>Implementera tekniker med sj\u00e4lvf\u00f6rtroende, baserat p\u00e5 v\u00e5ra etablerade ramar och metoder<\/li>\n \t<li>Fatta strategiska tekniska beslut med v\u00e4gledning fr\u00e5n v\u00e5r praktiska erfarenhet och insikter<\/li>\n \t<li>Uppn\u00e5 digital mognad genom p\u00e5skyndade och effektiviserade omvandlingsprocesser<\/li>\n<\/ul>"},{"label":"","text_content":"<strong>V\u00e5r metod<\/strong>\n\nTALKINGABOUTIT Labs forskar inte bara om teknologi, utan fokuserar p\u00e5 praktiska till\u00e4mpningar som l\u00f6ser verkliga utmaningar inom organisationer. N\u00e4r du samarbetar med oss, f\u00e5r du nytta av v\u00e5r kontinuerliga cykel av:\n<ul>\n \t<li>Teknikutforskning och utv\u00e4rdering<\/li>\n \t<li>Experter som samarbetar \u00f6ver dom\u00e4ner<\/li>\n \t<li>L\u00f6sningsutveckling och validering<\/li>\n \t<li>Kunskaps\u00f6verf\u00f6ring till din organisation<\/li>\n \t<li>Denna metod s\u00e4kerst\u00e4ller att du f\u00e5r de senaste, granskade l\u00f6sningarna som \u00e4r skr\u00e4ddarsydda f\u00f6r dina specifika behov, vilket hj\u00e4lper dig att uppn\u00e5 digital mognad p\u00e5 ett effektivt och rationellt s\u00e4tt.<\/li>\n<\/ul>"}]},{"acf_fc_layout":"customSection1","flexible_visibility":{"status":true,"mobile_visible":true,"desktop_visible":true},"image":76,"text_content":"<strong>Innovationslabb f\u00f6r din framg\u00e5ng<\/strong>\n\nTALKINGABOUTIT Labs fungerar som v\u00e5rt dedikerade interna forsknings- och utvecklingscenter, d\u00e4r vi aktivt utforskar nya framv\u00e4xande teknologier och skapar strategiska partnerskap med experter inom omr\u00e5det. Denna specialiserade avdelning m\u00f6jligg\u00f6r f\u00f6r oss att leverera l\u00f6sningar i absolut framkant, som p\u00e5skyndar din organisations digitala transformationsresa och s\u00e4kerst\u00e4ller att den teknik vi erbjuder dig \u00e4r p\u00e5 den absoluta tekniska fronten."},{"acf_fc_layout":"customSection2","flexible_visibility":{"status":true,"mobile_visible":true,"desktop_visible":true},"contact_sub-heading":"L\u00e5t oss prata om det","contact_heading":"L\u00e5t oss omdefiniera vad som \u00e4r m\u00f6jligt."}],"service_icon":null},"_links":{"self":[{"href":"https:\/\/talkingaboutit.io\/wp-json\/wp\/v2\/pages\/247","targetHints":{"allow":["GET"]}}],"collection":[{"href":"https:\/\/talkingaboutit.io\/wp-json\/wp\/v2\/pages"}],"about":[{"href":"https:\/\/talkingaboutit.io\/wp-json\/wp\/v2\/types\/page"}],"author":[{"embeddable":true,"href":"https:\/\/talkingaboutit.io\/wp-json\/wp\/v2\/users\/1"}],"replies":[{"embeddable":true,"href":"https:\/\/talkingaboutit.io\/wp-json\/wp\/v2\/comments?post=247"}],"version-history":[{"count":1,"href":"https:\/\/talkingaboutit.io\/wp-json\/wp\/v2\/pages\/247\/revisions"}],"predecessor-version":[{"id":248,"href":"https:\/\/talkingaboutit.io\/wp-json\/wp\/v2\/pages\/247\/revisions\/248"}],"wp:attachment":[{"href":"https:\/\/talkingaboutit.io\/wp-json\/wp\/v2\/media?parent=247"}],"curies":[{"name":"wp","href":"https:\/\/api.w.org\/{rel}","templated":true}]}}