{"id":249,"date":"2026-04-07T12:07:26","date_gmt":"2026-04-07T12:07:26","guid":{"rendered":"https:\/\/talkingaboutit.io\/?page_id=249"},"modified":"2026-04-07T12:07:26","modified_gmt":"2026-04-07T12:07:26","slug":"sandningar","status":"publish","type":"page","link":"https:\/\/talkingaboutit.io\/sv\/sandningar\/","title":{"rendered":"S\u00e4ndningar"},"content":{"rendered":"","protected":false},"excerpt":{"rendered":"","protected":false},"author":1,"featured_media":0,"parent":0,"menu_order":20,"comment_status":"closed","ping_status":"closed","template":"templates\/_custom-layout-7.php","meta":{"footnotes":""},"class_list":["post-249","page","type-page","status-publish","hentry"],"acf":{"module_3e232b722bf74":{"hero_image":59,"page_subheading":"TALKINGABOUTIT\u2122 S\u00e4ndningar","page_heading":"H\u00e5ll dig uppdaterad. H\u00e5ll dig f\u00f6re."},"flexible_content":[{"acf_fc_layout":"customSection1","flexible_visibility":{"status":true,"mobile_visible":true,"desktop_visible":true},"image":61,"text_content":"<h2>Stora samarbeten byggs p\u00e5 transparens och delad kunskap.<\/h2>\nD\u00e4rf\u00f6r har vi skapat Broadcast \u2013 ditt f\u00f6nster in i hur vi arbetar och hur den digitala v\u00e4rlden f\u00f6r\u00e4ndras i realtid."},{"acf_fc_layout":"customSection1","flexible_visibility":{"status":true,"mobile_visible":true,"desktop_visible":true},"image":63,"text_content":"<strong>Fr\u00e5n bakom kulisserna-blickar p\u00e5 v\u00e5ra kampanjer till skarpa analyser av nya trender och teknik h\u00e5ller vi dig informerad med snabba, \u00e4rliga uppdateringar.<\/strong>\n\nOavsett om du \u00e4r kund, samarbetspartner eller nyfiken \u00e5sk\u00e5dare kommer du alltid att veta vad som h\u00e4nder och vad som kommer h\u00e4rn\u00e4st."},{"acf_fc_layout":"customSection2","flexible_visibility":{"status":true,"mobile_visible":true,"desktop_visible":true},"contact_sub-heading":"L\u00e5t oss prata om det","contact_heading":"L\u00e5t oss omdefiniera vad som \u00e4r m\u00f6jligt."}],"service_icon":""},"_links":{"self":[{"href":"https:\/\/talkingaboutit.io\/wp-json\/wp\/v2\/pages\/249","targetHints":{"allow":["GET"]}}],"collection":[{"href":"https:\/\/talkingaboutit.io\/wp-json\/wp\/v2\/pages"}],"about":[{"href":"https:\/\/talkingaboutit.io\/wp-json\/wp\/v2\/types\/page"}],"author":[{"embeddable":true,"href":"https:\/\/talkingaboutit.io\/wp-json\/wp\/v2\/users\/1"}],"replies":[{"embeddable":true,"href":"https:\/\/talkingaboutit.io\/wp-json\/wp\/v2\/comments?post=249"}],"version-history":[{"count":1,"href":"https:\/\/talkingaboutit.io\/wp-json\/wp\/v2\/pages\/249\/revisions"}],"predecessor-version":[{"id":250,"href":"https:\/\/talkingaboutit.io\/wp-json\/wp\/v2\/pages\/249\/revisions\/250"}],"wp:attachment":[{"href":"https:\/\/talkingaboutit.io\/wp-json\/wp\/v2\/media?parent=249"}],"curies":[{"name":"wp","href":"https:\/\/api.w.org\/{rel}","templated":true}]}}