{"id":251,"date":"2026-04-07T12:07:26","date_gmt":"2026-04-07T12:07:26","guid":{"rendered":"https:\/\/talkingaboutit.io\/?page_id=251"},"modified":"2026-04-07T12:07:26","modified_gmt":"2026-04-07T12:07:26","slug":"tjanster","status":"publish","type":"page","link":"https:\/\/talkingaboutit.io\/sv\/tjanster\/","title":{"rendered":"Tj\u00e4nster"},"content":{"rendered":"","protected":false},"excerpt":{"rendered":"","protected":false},"author":1,"featured_media":0,"parent":0,"menu_order":10,"comment_status":"closed","ping_status":"closed","template":"templates\/_custom-layout-7.php","meta":{"footnotes":""},"class_list":["post-251","page","type-page","status-publish","hentry"],"acf":{"module_3e232b722bf74":{"hero_image":53,"page_subheading":"PRATAOMDET\u2122 Tj\u00e4nster","page_heading":"Skr\u00e4ddarsydda AI-l\u00f6sningar"},"flexible_content":[{"acf_fc_layout":"customSection1","flexible_visibility":{"status":true,"mobile_visible":true,"desktop_visible":true},"image":9,"text_content":"<h2>V\u00e5r metod handlar om att anv\u00e4nda den allra senaste AI-tekniken f\u00f6r att leverera.<\/h2>\nMer personanpassade, effektiva och datastyrd marknadsstrategi som hj\u00e4lper kunder att sticka ut och uppn\u00e5 sina m\u00e5l."},{"acf_fc_layout":"customSection4","flexible_visibility":{"status":true,"mobile_visible":true,"desktop_visible":true},"services_heading":"V\u00e5ra tj\u00e4nster"},{"acf_fc_layout":"customSection1","flexible_visibility":{"status":true,"mobile_visible":true,"desktop_visible":true},"image":57,"text_content":"<strong>Fr\u00e5n djup marknadsinsikt till skr\u00e4ddarsydda strategier och samarbetsinriktad genomf\u00f6rande, st\u00e5r vi till din tj\u00e4nst hela v\u00e4gen f\u00f6r att f\u00f6rst\u00e5, utforma, bygga och driva.<\/strong>\n\nOavsett om du utforskar, skalar upp eller optimerar, h\u00e5ller v\u00e5r process dig fullst\u00e4ndigt informerad och alltid p\u00e5 g\u00e5ng."},{"acf_fc_layout":"customSection5","flexible_visibility":{"status":true,"mobile_visible":true,"desktop_visible":true},"blocks_heading":"","blocks":[{"text_content":"<h2>\ud83d\udca1<\/h2>\n<strong>F\u00f6rst\u00e5<\/strong>\nVi avt\u00e4cker marknadsrealiteter och publikbeteenden f\u00f6r att informera strategisk riktning.\n<ul>\n \t<li>Branschj\u00e4mf\u00f6relse<\/li>\n \t<li>Strategi f\u00f6r konkurrentforskning<\/li>\n \t<li>Trender p\u00e5 vertikala marknader<\/li>\n \t<li>Analys och research<\/li>\n \t<li>S\u00f6kvolym \/ publikvolym<\/li>\n \t<li>Kundinsikter<\/li>\n \t<li>L\u00f6sningsalternativ f\u00f6r k\u00e4rnteam<\/li>\n<\/ul>"},{"text_content":"<h2>\ud83c\udfa8<\/h2>\r\n<strong>Design\r\n<\/strong>Vi skapar en skr\u00e4ddarsydd v\u00e4gkarta f\u00f6r att koppla ihop strategi, kreativitet och teknik.\r\n<ul>\r\n \t<li>Komplett l\u00f6sning<\/li>\r\n \t<li>Digital mediestrategi<\/li>\r\n \t<li>Martech &amp; CRM<\/li>\r\n \t<li>Inneh\u00e5llsstrategi<\/li>\r\n \t<li>Kundupplevelse<\/li>\r\n \t<li>AI-l\u00f6sningar<\/li>\r\n \t<li>Process<\/li>\r\n \t<li>Teknik<\/li>\r\n \t<li>Organisation<\/li>\r\n<\/ul>"},{"text_content":"<h2>\ud83d\udd28<\/h2>\r\n<strong>Bygg\r\n<\/strong>Vi genomf\u00f6r strategin genom strukturerad samverkan och intelligent uppbyggnad.\r\n<ul>\r\n \t<li>Samverkande kommunikationsstrategi<\/li>\r\n \t<li>Digital uppbyggnad<\/li>\r\n \t<li>Optimeringsuppbyggnad<\/li>\r\n \t<li>\u00d6ppen rapportering<\/li>\r\n<\/ul>"},{"text_content":"<h2>\ud83d\ude80<\/h2>\r\n<strong>K\u00f6r<\/strong>\r\nVi uppr\u00e4tth\u00e5ller momentum genom kontinuerlig f\u00f6rfining och gemensamt \u00e4gande\r\n<ul>\r\n \t<li>St\u00e4ndigt analysera resultat<\/li>\r\n \t<li>St\u00e4ndigt optimera l\u00f6sningen<\/li>\r\n \t<li>Driv strategier &amp; kampanjer<\/li>\r\n \t<li>Strategisera tillsammans<\/li>\r\n<\/ul>"}]},{"acf_fc_layout":"customSection2","flexible_visibility":{"status":true,"mobile_visible":true,"desktop_visible":true},"contact_sub-heading":"L\u00e5t oss prata om det","contact_heading":"L\u00e5t oss omdefiniera vad som \u00e4r m\u00f6jligt."}],"service_icon":""},"_links":{"self":[{"href":"https:\/\/talkingaboutit.io\/wp-json\/wp\/v2\/pages\/251","targetHints":{"allow":["GET"]}}],"collection":[{"href":"https:\/\/talkingaboutit.io\/wp-json\/wp\/v2\/pages"}],"about":[{"href":"https:\/\/talkingaboutit.io\/wp-json\/wp\/v2\/types\/page"}],"author":[{"embeddable":true,"href":"https:\/\/talkingaboutit.io\/wp-json\/wp\/v2\/users\/1"}],"replies":[{"embeddable":true,"href":"https:\/\/talkingaboutit.io\/wp-json\/wp\/v2\/comments?post=251"}],"version-history":[{"count":1,"href":"https:\/\/talkingaboutit.io\/wp-json\/wp\/v2\/pages\/251\/revisions"}],"predecessor-version":[{"id":252,"href":"https:\/\/talkingaboutit.io\/wp-json\/wp\/v2\/pages\/251\/revisions\/252"}],"wp:attachment":[{"href":"https:\/\/talkingaboutit.io\/wp-json\/wp\/v2\/media?parent=251"}],"curies":[{"name":"wp","href":"https:\/\/api.w.org\/{rel}","templated":true}]}}